{"id":70,"date":"2023-04-12T11:59:02","date_gmt":"2023-04-12T09:59:02","guid":{"rendered":"http:\/\/www.initiative-loewensteinverein.de\/wpc\/?page_id=70"},"modified":"2026-02-21T12:27:20","modified_gmt":"2026-02-21T11:27:20","slug":"rueckblick","status":"publish","type":"page","link":"https:\/\/www.initiative-loewensteinverein.de\/wpc\/","title":{"rendered":"Ausstellung &#8222;M\u00f6ssinger Moderne&#8220;"},"content":{"rendered":"\n<blockquote class=\"wp-block-quote has-text-align-right is-layout-flow wp-block-quote-is-layout-flow\">\n<p class=\"has-text-align-left has-small-font-size\"><\/p>\n<\/blockquote>\n\n\n\n<p><\/p>\n\n\n\n<p><\/p>\n\n\n\n<p><br><strong>M\u00f6ssinger Moderne &#8211; Zur Geschichte der L\u00f6wenstein\u2019schen Pausa (1919\u20131936)<br>Wertsch\u00e4tzung j\u00fcdischer Lebensleistungen und Beschreibung eines hoffnungsvollen Lebensgef\u00fchls<br>vor 1933 \u2013 Eine j\u00fcdische Geschichte von der Gr\u00fcndung, der Kooperation mit dem Bauhaus \u00fcber<br>den Generalstreik bis zur Enteignung und Erinnerung an eine innovative Textilfabrik <\/strong><\/p>\n\n\n\n<p><em>Information des L\u00f6wenstein\u2010Forschungsvereins e.V. zur mobilen Wanderausstellung<\/em> &#8211; <em>Einladung zur Buchung und Pr\u00e4sentation in Schulen, in B\u00fcrgerh\u00e4user und in \u00f6ffentliche R\u00e4ume<\/em>. <strong><br><\/strong><\/p>\n\n\n\n<figure class=\"wp-block-image size-large\"><img loading=\"lazy\" decoding=\"async\" width=\"1024\" height=\"718\" src=\"https:\/\/www.initiative-loewensteinverein.de\/wpc\/wp-content\/uploads\/2026\/02\/grafik-1024x718.png\" alt=\"\" class=\"wp-image-517\" srcset=\"https:\/\/www.initiative-loewensteinverein.de\/wpc\/wp-content\/uploads\/2026\/02\/grafik-1024x718.png 1024w, https:\/\/www.initiative-loewensteinverein.de\/wpc\/wp-content\/uploads\/2026\/02\/grafik-300x210.png 300w, https:\/\/www.initiative-loewensteinverein.de\/wpc\/wp-content\/uploads\/2026\/02\/grafik-768x539.png 768w, https:\/\/www.initiative-loewensteinverein.de\/wpc\/wp-content\/uploads\/2026\/02\/grafik-1536x1077.png 1536w, https:\/\/www.initiative-loewensteinverein.de\/wpc\/wp-content\/uploads\/2026\/02\/grafik-2048x1436.png 2048w, https:\/\/www.initiative-loewensteinverein.de\/wpc\/wp-content\/uploads\/2026\/02\/grafik-1140x800.png 1140w\" sizes=\"auto, (max-width: 1024px) 100vw, 1024px\" \/><\/figure>\n\n\n\n<p class=\"has-text-align-left\"><br>Der L\u00f6wenstein\u2010Forschungsverein e.V. (LFV) in M\u00f6ssingen hat in ehrenamtlicher Arbeit im Jahr 2024<br>eine mobile Wanderausstellung mit dem Titel \u201eM\u00f6ssinger Moderne\u201c erstellt und diese im Jahr 2025<br>erweitert. Die 28 Banner (freistehende RollUps) k\u00f6nnen in \u00f6ffentlichen R\u00e4umen, in Rath\u00e4usern,<br>in Schulen, Tagungsst\u00e4tten und Gemeindezentren auf Zeit gezeigt werden. Die Zielgruppe sind<br>B\u00fcrgerinnen und B\u00fcrger der Stadtgesellschaften sowie Sch\u00fcler_innen.<\/p>\n\n\n\n<p class=\"has-text-align-left\"><br><strong>Leitmotive der Ausstellung<\/strong><br>Die Ausstellung \u201eM\u00f6ssinger Moderne\u201c stellt in ihrer Konzeption eine Neuheit dar. Es wird nicht nur<br>die Geschichte einer j\u00fcdischen Familie, die Geschichte des j\u00fcdischen Textilunternehmens L\u00f6wenstein\u2019sche<br>Pausa und das antisemitische Verbrechen der Nationalsozialisten 1936 geschildert. Im<br>Vordergrund stehen die besonderen Leistungen der Familie L\u00f6wenstein, der damaligen Pausa, ihrer<br>Belegschaft und der dort t\u00e4tigen Absolventinnen aus dem Bauhaus Weimar und aus dem Bauhaus<br>Dessau. Das Thema \u201eM\u00f6ssinger Moderne\u201c schildert das Lebensgef\u00fchl von Menschen in M\u00f6ssingen in<br>den Jahren zwischen 1919 und 1936. Der Wunsch nach einer neuen Gesellschaft, nach Demokratie,<br>nach Frieden, nach pers\u00f6nlicher Emanzipation, nach neuer Kunst, Farben, Design, Mode, nach sozialer<br>und technischer Innovation pr\u00e4gten jene Jahre, die den M\u00f6ssinger Generalstreik gegen Hitler am 31. Januar 1933 vorbereiteten. Die Ausstellung zeigt nicht nur die Opfer von NS\u2010Verbrechen sondern<br>wertsch\u00e4tzt die Kultur eines Aufbruchs, der von J\u00fcdinnen und Juden, von Nicht\u2010J\u00fcdinnen und Nicht\u2010<br>Juden, von Menschen, die vom Pietismus, vom Kommunismus, vom liberalen Denken, von der Sozialdemokratie beeinflusst wurden, gepr\u00e4gt war. Das Jahr 1933 begann nicht nur j\u00fcdisches Leben zu<br>bedrohen, sondern zerst\u00f6rte ein starkes Lebensgef\u00fchl, eine Sehnsucht nach einer besseren Zukunft.<br>Der Weg zu einer demokratischen Moderne wurde ab 1933 blockiert.<br><br><strong>Zur Geschichte der L\u00f6wenstein\u2018schen Pausa<\/strong><br>Die Mechanische Weberei Pausa wurde 1919 von den Familien Helene und Felix sowie Flora und<br>Artur L\u00f6wenstein in M\u00f6ssingen gegr\u00fcndet. Die Pausa bekannte sich bereits 1921 aktiv zur<br>Kultur des Bauhauses. Das Unternehmen produzierte sowohl aufwendige moderne Dekostoffe als<br>auch Textilien f\u00fcr den t\u00e4glichen Gebrauch. Die j\u00fcdischen Bauhaus\u2010Sch\u00fclerinnen Friedl Dicker, Lisbeth<br>Oestreicher und Ljuba Monastirskaja arbeiteten f\u00fcr die L\u00f6wenstein\u2019sche Pausa. Nach der Ernennung<br>Adolf Hitlers zum Reichskanzler am 30. Januar 1933, war es die Pausa\u2019sche Belegschaft, die im Rahmen<br>des M\u00f6ssinger Generalstreiks gegen die Herrschaft der Nationalsozialisten demonstrierte. Bereits<br>1932 hatten sich die L\u00f6wensteins aktiv gegen den Nationalsozialismus ge\u00e4u\u00dfert. 1936 wurden<br>die j\u00fcdischen Familien L\u00f6wenstein von den Nationalsozialisten enteignet und aus Deutschland vertrieben. Es war ein antisemitisches Verbrechen. &#8211; 2007 gr\u00fcndete sich der L\u00f6wenstein\u2010Forschungsverein e. V. Dreiundsiebzig Jahre nach ihrer Vertreibung kamen auf Initiative des L\u00f6wenstein\u2010Forschungsvereins e.V. erstmals Nachkommen wieder nach M\u00f6ssingen. <\/p>\n\n\n\n<p class=\"has-text-align-left\"><br><strong>Verteidigung der Demokratie<\/strong><br><em>\u201eDie Ausstellung hebt die besondere Rolle der selbstbewussten Frauen, die Kompetenz der Bauhaus\u2010<br>Frauen, den Einfluss des Bauhauses, die neue Arbeitskultur im Betrieb, die Kultur des Infragestellens<br>von Gegebenem und die unerm\u00fcdliche Innovationskultur der L\u00f6wenstein\u2019schen Pausa mit ihren vier<br>Leitungsfiguren hervor. In den zwanziger Jahren entstand in der Steinlachstadt ein au\u00dfergew\u00f6hnlicher<br>Mikrokosmos der demokratischen Moderne. Die R\u00fcck\u2010Erinnerung soll unsere heutige F\u00e4higkeit zur<br>Verteidigung der Demokratie st\u00e4rken.\u201c<\/em> (L\u00f6wenstein\u2010Forschungsverein e. V.).<br><\/p>\n\n\n\n<p class=\"has-text-align-left\"><strong>Anlass und Unterst\u00fctzung<\/strong><br>Die Ausstellung entstand in Erinnerung an Doris Angel (1924\u20132019), Tochter von Helene und Felix L\u00f6wenstein, und Harold Livingston (1923\u20132014), Sohn von Flora und Artur L\u00f6wenstein, die in den Jahren<br>2023 und 2024 ihre einhundertsten Geburtstage gefeiert h\u00e4tten. Die Entstehung der mobilen Ausstellung wurde erm\u00f6glicht durch die Hilfe von Nachkommen der Familie L\u00f6wenstein, durch die Unterst\u00fctzung der Landesarbeitsgemeinschaft der Gedenkst\u00e4tten und Gedenkst\u00e4tteninitiativen (LAGG), durch den Gedenkst\u00e4ttenverbund G\u00e4u\u2010Neckar\u2010Alb e.V., durch die Stadt M\u00f6ssingen sowie durch die F\u00f6rderung der Landeszentrale f\u00fcr politische Bildung Baden\u2010W\u00fcrttemberg.<\/p>\n\n\n\n<figure class=\"wp-block-image size-large\"><img loading=\"lazy\" decoding=\"async\" width=\"1024\" height=\"637\" src=\"https:\/\/www.initiative-loewensteinverein.de\/wpc\/wp-content\/uploads\/2026\/02\/grafik-1-1024x637.png\" alt=\"\" class=\"wp-image-521\" srcset=\"https:\/\/www.initiative-loewensteinverein.de\/wpc\/wp-content\/uploads\/2026\/02\/grafik-1-1024x637.png 1024w, https:\/\/www.initiative-loewensteinverein.de\/wpc\/wp-content\/uploads\/2026\/02\/grafik-1-300x187.png 300w, https:\/\/www.initiative-loewensteinverein.de\/wpc\/wp-content\/uploads\/2026\/02\/grafik-1-768x478.png 768w, https:\/\/www.initiative-loewensteinverein.de\/wpc\/wp-content\/uploads\/2026\/02\/grafik-1-1536x956.png 1536w, https:\/\/www.initiative-loewensteinverein.de\/wpc\/wp-content\/uploads\/2026\/02\/grafik-1-2048x1275.png 2048w, https:\/\/www.initiative-loewensteinverein.de\/wpc\/wp-content\/uploads\/2026\/02\/grafik-1-1140x710.png 1140w\" sizes=\"auto, (max-width: 1024px) 100vw, 1024px\" \/><\/figure>\n\n\n\n<p><\/p>\n\n\n\n<p class=\"has-text-align-left\"><strong>Einblicke in die Inhalte der Ausstellung \u201eM\u00f6ssinger Moderne\u201c \/ Gliederung<\/strong><br>Die mobile Wanderausstellung ist nach mehreren Aspekten in Schwerpunkte gegliedert:<br>&#8211; Titelseite M\u00f6ssinger Moderne<br>&#8211; Einblicke<br>&#8211; Zeitstrahl<br>&#8211; Was hei\u00dft \u201eM\u00f6ssinger Moderne\u201c?<br>&#8211; Zur Geschichte der L\u00f6wenstein\u2019schen Pausa 1919\u20131936 (Mechanische. Weberei Pausa)<br>&#8211; Flora und Arthur Livingston \u2013 Flora und Artur L\u00f6wenstein<br>&#8211; Helene und Felix L\u00f6wenstein- <br>&#8211; Familie L\u00f6wenstein mit ihren neun Kindern<br>&#8211; Gro\u00dfeltern aus Laupheim und Tauberbischofsheim<br>&#8211; Ausgew\u00e4hlte Stoffmuster f\u00fcr Tischdecken aus der Geschichte der L\u00f6wenstein\u2019schen Pausa<br>&#8211; Die K\u00fcnstlerin Ljuba Monastirskaja \u2013 Ljuba Monastirsky<br>&#8211; Die K\u00fcnstlerin Lisbeth Oestreicher<br>&#8211; Die K\u00fcnstlerin Friedl Dicker<br>&#8211; Lily Hildebrandt und ihr Netzwerk<br>&#8211; J\u00fcdische Spuren im M\u00f6ssinger Generalstreik<br>&#8211; Enteignung und Vertreibung der Familie L\u00f6wenstein<br>&#8211; Felix L\u00f6wenstein und die Firma HELIOS in Manchester<br>&#8211; K\u00fcnstlerische Arbeiten in HELIOS<br>&#8211; Die Klage der Familie L\u00f6wenstein gegen Richard Burkhardt und Willi H\u00e4ussler und andere<br>&#8211; Doris Angel \u2013 Doris L\u00f6wenstein<br>&#8211; Harold Livingston \u2013 Helmut L\u00f6wenstein<br>&#8211; L\u00f6wensteinplatz<br>&#8211; Die Bedeutung der L\u00f6wenstein\u00b4schen Pausa \u2013 damals und heute<br>&#8211; Demokratie\u2010Erkl\u00e4rung des L\u00f6wenstein\u2010Forschungsvereins e.V.<br>&#8211; \u00dcber die Arbeit des L\u00f6wenstein\u2010Forschungsvereins e.V.<br>&#8211; Der L\u00f6wenstein\u2010Forschungsverein e.V. sagt Danke<br><\/p>\n\n\n\n<p class=\"has-text-align-left\"><strong>Konditionen<\/strong><br>Die Ausstellung ist kostenfrei buchbar und ben\u00f6tigt keine handwerklichen Aufw\u00e4nde beim Aufbau.<br>Nur Platz und ausreichend Licht sind Voraussetzungen. Der Aufbau erfolgt durch den LFV und dauert<br>ca. zwei Stunden. Der Abbau durch den LFV dauert ca. 90 Minuten. Es wird um eine Aufwandsentsch\u00e4digung f\u00fcr die PKW\u2010An\u2010 und R\u00fcckfahrten zu Aufbau wie Abbau (Benzingeld) gebeten.<\/p>\n\n\n\n<p class=\"has-text-align-left\">Kontakt: verein@loewenstein\u2010forschungsverein.de<\/p>\n","protected":false},"excerpt":{"rendered":"<p>M\u00f6ssinger Moderne &#8211; Zur Geschichte der L\u00f6wenstein\u2019schen Pausa (1919\u20131936)Wertsch\u00e4tzung j\u00fcdischer Lebensleistungen und Beschreibung eines hoffnungsvollen Lebensgef\u00fchlsvor 1933 \u2013 Eine j\u00fcdische Geschichte von der Gr\u00fcndung, der Kooperation mit dem Bauhaus \u00fcberden Generalstreik bis zur Enteignung und Erinnerung an eine innovative Textilfabrik Information des L\u00f6wenstein\u2010Forschungsvereins e.V. zur mobilen Wanderausstellung &#8211; Einladung zur Buchung und Pr\u00e4sentation in Schulen, in B\u00fcrgerh\u00e4user und in \u00f6ffentliche R\u00e4ume. Der L\u00f6wenstein\u2010Forschungsverein e.V. (LFV) in M\u00f6ssingen hat in ehrenamtlicher Arbeit im Jahr 2024eine mobile Wanderausstellung mit dem Titel \u201eM\u00f6ssinger Moderne\u201c erstellt und diese im Jahr 2025erweitert. Die 28 Banner (freistehende RollUps) k\u00f6nnen in \u00f6ffentlichen R\u00e4umen, in Rath\u00e4usern,in Schulen, Tagungsst\u00e4tten und Gemeindezentren auf Zeit gezeigt werden. Die Zielgruppe sindB\u00fcrgerinnen und B\u00fcrger der Stadtgesellschaften sowie Sch\u00fcler_innen. Leitmotive der AusstellungDie Ausstellung \u201eM\u00f6ssinger Moderne\u201c stellt in ihrer Konzeption eine Neuheit dar. Es wird nicht nurdie Geschichte einer j\u00fcdischen Familie, die Geschichte des j\u00fcdischen Textilunternehmens L\u00f6wenstein\u2019schePausa und das antisemitische Verbrechen der Nationalsozialisten 1936 geschildert. ImVordergrund stehen die besonderen Leistungen der Familie L\u00f6wenstein, der damaligen Pausa, ihrerBelegschaft und der dort t\u00e4tigen Absolventinnen aus dem Bauhaus Weimar und aus dem BauhausDessau. Das Thema \u201eM\u00f6ssinger Moderne\u201c schildert das Lebensgef\u00fchl von Menschen in M\u00f6ssingen inden Jahren zwischen 1919 und 1936. Der Wunsch nach einer neuen Gesellschaft, nach Demokratie,nach Frieden, nach pers\u00f6nlicher Emanzipation, nach neuer Kunst, Farben, Design, Mode, nach sozialerund technischer Innovation pr\u00e4gten jene Jahre, die den M\u00f6ssinger Generalstreik gegen Hitler am 31. Januar 1933 vorbereiteten. Die Ausstellung zeigt nicht nur die Opfer von NS\u2010Verbrechen sondernwertsch\u00e4tzt die Kultur eines Aufbruchs, der von J\u00fcdinnen und Juden, von Nicht\u2010J\u00fcdinnen und Nicht\u2010Juden, von Menschen, die vom Pietismus, vom Kommunismus, vom liberalen Denken, von der Sozialdemokratie beeinflusst wurden, gepr\u00e4gt war. Das Jahr 1933 begann nicht nur j\u00fcdisches Leben zubedrohen, sondern zerst\u00f6rte ein starkes Lebensgef\u00fchl, eine Sehnsucht nach einer besseren Zukunft.Der Weg zu einer demokratischen Moderne wurde ab 1933 blockiert. Zur Geschichte der L\u00f6wenstein\u2018schen PausaDie Mechanische Weberei Pausa wurde 1919 von den Familien Helene und Felix sowie Flora undArtur L\u00f6wenstein in M\u00f6ssingen gegr\u00fcndet. Die Pausa bekannte sich bereits 1921 aktiv zurKultur des Bauhauses. Das Unternehmen produzierte sowohl aufwendige moderne Dekostoffe alsauch Textilien f\u00fcr den t\u00e4glichen Gebrauch. Die j\u00fcdischen Bauhaus\u2010Sch\u00fclerinnen Friedl Dicker, LisbethOestreicher und Ljuba Monastirskaja arbeiteten f\u00fcr die L\u00f6wenstein\u2019sche Pausa. Nach der ErnennungAdolf Hitlers zum Reichskanzler am 30. Januar 1933, war es die Pausa\u2019sche Belegschaft, die im Rahmendes M\u00f6ssinger Generalstreiks gegen die Herrschaft der Nationalsozialisten demonstrierte. Bereits1932 hatten sich die L\u00f6wensteins aktiv gegen den Nationalsozialismus ge\u00e4u\u00dfert. 1936 wurdendie j\u00fcdischen Familien L\u00f6wenstein von den Nationalsozialisten enteignet und aus Deutschland vertrieben. Es war ein antisemitisches Verbrechen. &#8211; 2007 gr\u00fcndete sich der L\u00f6wenstein\u2010Forschungsverein e. V. Dreiundsiebzig Jahre nach ihrer Vertreibung kamen auf Initiative des L\u00f6wenstein\u2010Forschungsvereins e.V. erstmals Nachkommen wieder nach M\u00f6ssingen. Verteidigung der Demokratie\u201eDie Ausstellung hebt die besondere Rolle der selbstbewussten Frauen, die Kompetenz der Bauhaus\u2010Frauen, den Einfluss des Bauhauses, die neue Arbeitskultur im Betrieb, die Kultur des Infragestellensvon Gegebenem und die unerm\u00fcdliche Innovationskultur der L\u00f6wenstein\u2019schen Pausa mit ihren vierLeitungsfiguren hervor. In den zwanziger Jahren entstand in der Steinlachstadt ein au\u00dfergew\u00f6hnlicherMikrokosmos der demokratischen Moderne. Die R\u00fcck\u2010Erinnerung soll unsere heutige F\u00e4higkeit zurVerteidigung der Demokratie st\u00e4rken.\u201c (L\u00f6wenstein\u2010Forschungsverein e. V.). Anlass und Unterst\u00fctzungDie Ausstellung entstand in Erinnerung an Doris Angel (1924\u20132019), Tochter von Helene und Felix L\u00f6wenstein, und Harold Livingston (1923\u20132014), Sohn von Flora und Artur L\u00f6wenstein, die in den Jahren2023 und 2024 ihre einhundertsten Geburtstage gefeiert h\u00e4tten. Die Entstehung der mobilen Ausstellung wurde erm\u00f6glicht durch die Hilfe von Nachkommen der Familie L\u00f6wenstein, durch die Unterst\u00fctzung der Landesarbeitsgemeinschaft der Gedenkst\u00e4tten und Gedenkst\u00e4tteninitiativen (LAGG), durch den Gedenkst\u00e4ttenverbund G\u00e4u\u2010Neckar\u2010Alb e.V., durch die Stadt M\u00f6ssingen sowie durch die F\u00f6rderung der Landeszentrale f\u00fcr politische Bildung Baden\u2010W\u00fcrttemberg. Einblicke in die Inhalte der Ausstellung \u201eM\u00f6ssinger Moderne\u201c \/ GliederungDie mobile Wanderausstellung ist nach mehreren Aspekten in Schwerpunkte gegliedert:&#8211; Titelseite M\u00f6ssinger Moderne&#8211; Einblicke&#8211; Zeitstrahl&#8211; Was hei\u00dft \u201eM\u00f6ssinger Moderne\u201c?&#8211; Zur Geschichte der L\u00f6wenstein\u2019schen Pausa 1919\u20131936 (Mechanische. Weberei Pausa)&#8211; Flora und Arthur Livingston \u2013 Flora und Artur L\u00f6wenstein&#8211; Helene und Felix L\u00f6wenstein- &#8211; Familie L\u00f6wenstein mit ihren neun Kindern&#8211; Gro\u00dfeltern aus Laupheim und Tauberbischofsheim&#8211; Ausgew\u00e4hlte Stoffmuster f\u00fcr Tischdecken aus der Geschichte der L\u00f6wenstein\u2019schen Pausa&#8211; Die K\u00fcnstlerin Ljuba Monastirskaja \u2013 Ljuba Monastirsky&#8211; Die K\u00fcnstlerin Lisbeth Oestreicher&#8211; Die K\u00fcnstlerin Friedl Dicker&#8211; Lily Hildebrandt und ihr Netzwerk&#8211; J\u00fcdische Spuren im M\u00f6ssinger Generalstreik&#8211; Enteignung und Vertreibung der Familie L\u00f6wenstein&#8211; Felix L\u00f6wenstein und die Firma HELIOS in Manchester&#8211; K\u00fcnstlerische Arbeiten in HELIOS&#8211; Die Klage der Familie L\u00f6wenstein gegen Richard Burkhardt und Willi H\u00e4ussler und andere&#8211; Doris Angel \u2013 Doris L\u00f6wenstein&#8211; Harold Livingston \u2013 Helmut L\u00f6wenstein&#8211; L\u00f6wensteinplatz&#8211; Die Bedeutung der L\u00f6wenstein\u00b4schen Pausa \u2013 damals und heute&#8211; Demokratie\u2010Erkl\u00e4rung des L\u00f6wenstein\u2010Forschungsvereins e.V.&#8211; \u00dcber die Arbeit des L\u00f6wenstein\u2010Forschungsvereins e.V.&#8211; Der L\u00f6wenstein\u2010Forschungsverein e.V. sagt Danke KonditionenDie Ausstellung ist kostenfrei buchbar und ben\u00f6tigt keine handwerklichen Aufw\u00e4nde beim Aufbau.Nur Platz und ausreichend Licht sind Voraussetzungen. Der Aufbau erfolgt durch den LFV und dauertca. zwei Stunden. Der Abbau durch den LFV dauert ca. 90 Minuten. Es wird um eine Aufwandsentsch\u00e4digung f\u00fcr die PKW\u2010An\u2010 und R\u00fcckfahrten zu Aufbau wie Abbau (Benzingeld) gebeten. Kontakt: verein@loewenstein\u2010forschungsverein.de<\/p>\n","protected":false},"author":1,"featured_media":0,"parent":24,"menu_order":0,"comment_status":"closed","ping_status":"closed","template":"","meta":{"footnotes":""},"class_list":["post-70","page","type-page","status-publish","hentry"],"_links":{"self":[{"href":"https:\/\/www.initiative-loewensteinverein.de\/wpc\/index.php\/wp-json\/wp\/v2\/pages\/70","targetHints":{"allow":["GET"]}}],"collection":[{"href":"https:\/\/www.initiative-loewensteinverein.de\/wpc\/index.php\/wp-json\/wp\/v2\/pages"}],"about":[{"href":"https:\/\/www.initiative-loewensteinverein.de\/wpc\/index.php\/wp-json\/wp\/v2\/types\/page"}],"author":[{"embeddable":true,"href":"https:\/\/www.initiative-loewensteinverein.de\/wpc\/index.php\/wp-json\/wp\/v2\/users\/1"}],"replies":[{"embeddable":true,"href":"https:\/\/www.initiative-loewensteinverein.de\/wpc\/index.php\/wp-json\/wp\/v2\/comments?post=70"}],"version-history":[{"count":27,"href":"https:\/\/www.initiative-loewensteinverein.de\/wpc\/index.php\/wp-json\/wp\/v2\/pages\/70\/revisions"}],"predecessor-version":[{"id":526,"href":"https:\/\/www.initiative-loewensteinverein.de\/wpc\/index.php\/wp-json\/wp\/v2\/pages\/70\/revisions\/526"}],"up":[{"embeddable":true,"href":"https:\/\/www.initiative-loewensteinverein.de\/wpc\/index.php\/wp-json\/wp\/v2\/pages\/24"}],"wp:attachment":[{"href":"https:\/\/www.initiative-loewensteinverein.de\/wpc\/index.php\/wp-json\/wp\/v2\/media?parent=70"}],"curies":[{"name":"wp","href":"https:\/\/api.w.org\/{rel}","templated":true}]}}