{"id":59,"date":"2023-04-12T11:47:50","date_gmt":"2023-04-12T09:47:50","guid":{"rendered":"http:\/\/www.initiative-loewensteinverein.de\/wpc\/?page_id=59"},"modified":"2025-03-24T17:05:01","modified_gmt":"2025-03-24T16:05:01","slug":"beitritt","status":"publish","type":"page","link":"https:\/\/www.initiative-loewensteinverein.de\/wpc\/index.php\/beitritt\/","title":{"rendered":"Beitritt"},"content":{"rendered":"\n<p><strong>Sehr geehrte Damen und Herren,<\/strong><\/p>\n\n\n\n<p><\/p>\n\n\n\n<p><\/p>\n\n\n\n<p><\/p>\n\n\n\n<p>Seien Sie uns im L\u00f6wenstein-Forschungsverein willkommen. Mitglieder des Vereins k\u00f6nnen nat\u00fcrliche und juristische Personen im In- und Ausland sein. Die Aufnahme in den Verein wird durch einen formlosen schriftlichen Antrag eingeleitet, \u00fcber den der Vorstand entscheidet.<\/p>\n\n\n\n<p>Bitte laden Sie sich das vorliegende Aufnahmeblatt (<a href=\"http:\/\/www.initiative-loewensteinverein.de\/wpc\/wp-content\/uploads\/2025\/03\/LFV-Antrag-auf-Mitgliedschaft.pdf\">pdf-Datei<\/a>) herunter, f\u00fcllen Sie es aus und senden Sie es an die auf dem Formular angegebene Postadresse. Vielen Dank.<\/p>\n\n\n\n<p>Der Vorstand<\/p>\n\n\n\n<p><\/p>\n","protected":false},"excerpt":{"rendered":"<p>Sehr geehrte Damen und Herren, Seien Sie uns im L\u00f6wenstein-Forschungsverein willkommen. Mitglieder des Vereins k\u00f6nnen nat\u00fcrliche und juristische Personen im In- und Ausland sein. Die Aufnahme in den Verein wird durch einen formlosen schriftlichen Antrag eingeleitet, \u00fcber den der Vorstand entscheidet. Bitte laden Sie sich das vorliegende Aufnahmeblatt (pdf-Datei) herunter, f\u00fcllen Sie es aus und senden Sie es an die auf dem Formular angegebene Postadresse. Vielen Dank. Der Vorstand<\/p>\n","protected":false},"author":1,"featured_media":0,"parent":0,"menu_order":0,"comment_status":"closed","ping_status":"closed","template":"","meta":{"footnotes":""},"class_list":["post-59","page","type-page","status-publish","hentry"],"_links":{"self":[{"href":"https:\/\/www.initiative-loewensteinverein.de\/wpc\/index.php\/wp-json\/wp\/v2\/pages\/59","targetHints":{"allow":["GET"]}}],"collection":[{"href":"https:\/\/www.initiative-loewensteinverein.de\/wpc\/index.php\/wp-json\/wp\/v2\/pages"}],"about":[{"href":"https:\/\/www.initiative-loewensteinverein.de\/wpc\/index.php\/wp-json\/wp\/v2\/types\/page"}],"author":[{"embeddable":true,"href":"https:\/\/www.initiative-loewensteinverein.de\/wpc\/index.php\/wp-json\/wp\/v2\/users\/1"}],"replies":[{"embeddable":true,"href":"https:\/\/www.initiative-loewensteinverein.de\/wpc\/index.php\/wp-json\/wp\/v2\/comments?post=59"}],"version-history":[{"count":5,"href":"https:\/\/www.initiative-loewensteinverein.de\/wpc\/index.php\/wp-json\/wp\/v2\/pages\/59\/revisions"}],"predecessor-version":[{"id":217,"href":"https:\/\/www.initiative-loewensteinverein.de\/wpc\/index.php\/wp-json\/wp\/v2\/pages\/59\/revisions\/217"}],"wp:attachment":[{"href":"https:\/\/www.initiative-loewensteinverein.de\/wpc\/index.php\/wp-json\/wp\/v2\/media?parent=59"}],"curies":[{"name":"wp","href":"https:\/\/api.w.org\/{rel}","templated":true}]}}