{"id":40,"date":"2025-03-24T16:35:26","date_gmt":"2025-03-24T15:35:26","guid":{"rendered":"http:\/\/www.initiative-loewensteinverein.de\/wpc\/?page_id=40"},"modified":"2025-03-24T16:42:32","modified_gmt":"2025-03-24T15:42:32","slug":"kontakt-vorstand","status":"publish","type":"page","link":"https:\/\/www.initiative-loewensteinverein.de\/wpc\/index.php\/kontakt-vorstand\/","title":{"rendered":"Kontakt \/ Vorstand"},"content":{"rendered":"\n<p class=\"has-drop-cap has-text-align-left\" style=\"font-size:14px\">Als eine unabh\u00e4ngige und gemeinn\u00fctzige Initiative von B\u00fcrgerinnen und B\u00fcrgern aus M\u00f6ssingen und Umgebung wurde der L\u00f6wenstein-Forschungsverein e.V. (LFV) am 5. September 2007 ins Leben gerufen.<\/p>\n\n\n\n<p><\/p>\n\n\n\n<p><\/p>\n\n\n\n<p class=\"has-text-align-left\"><em>\u201eZweck des Vereins ist die Erforschung des Lebenswerkes und der Lebensgeschichte der Gebr\u00fcder Felix und Artur L\u00f6wenstein, der langj\u00e4hrigen Besitzer der M\u00f6ssinger Textilfirma PAUSA, sowie die entsprechenden zeithistorischen gesellschaftlichen Zusammenh\u00e4nge. Der Verein ist t\u00e4tig im Bereich Bildung, Kunst, Kultur, Wissenschaft und Forschung, indem er folgende Ma\u00dfnahmen zur Zielerreichung umsetzt: Durchf\u00fchrung von wissenschaftlichen Studien und Fachrecherchen, Durchf\u00fchrung von \u00f6ffentlichen Informations- und Diskussionsveranstaltungen, Ma\u00dfnahmen zur St\u00e4rkung des wissenschaftlichen und k\u00fcnstlerischen Austausches, St\u00e4rkung des interkulturellen und interreligi\u00f6sen Dialoges \u2026\u201c <\/em>Aus der Satzung des Vereins<\/p>\n\n\n\n<blockquote class=\"wp-block-quote is-layout-flow wp-block-quote-is-layout-flow\">\n<p><\/p>\n<\/blockquote>\n\n\n\n<p><strong>Forschungs- und Archivstelle<br>Artur und Felix L\u00f6wenstein<\/strong><br>Am Rathof 2 (Altes Rathaus)<br>72116 M\u00f6ssingen<\/p>\n\n\n\n<p><strong>L\u00f6wenstein-Forschungsverein e.V.<\/strong><br>c\/o Irene Scherer (Vorsitzende)<br>Rietsweg 2, 72116 M\u00f6ssingen<br>verein@loewenstein-forschungsverein.de<br>Spenden f\u00fcr den Verein sind willkommen:<br>Kreissparkasse T\u00fcbingen. IBAN DE 36 6415 0020 0001 4657 47. BIC SOLADES1TUB<br>Der Verein ist als gemeinn\u00fctzig anerkannt.<\/p>\n\n\n\n<p><strong>Kostenfreier LFV-Newsletter erh\u00e4ltlich:<\/strong><br>schroeter@talheimer.de<\/p>\n\n\n\n<p><\/p>\n","protected":false},"excerpt":{"rendered":"<p>Als eine unabh\u00e4ngige und gemeinn\u00fctzige Initiative von B\u00fcrgerinnen und B\u00fcrgern aus M\u00f6ssingen und Umgebung wurde der L\u00f6wenstein-Forschungsverein e.V. (LFV) am 5. September 2007 ins Leben gerufen. \u201eZweck des Vereins ist die Erforschung des Lebenswerkes und der Lebensgeschichte der Gebr\u00fcder Felix und Artur L\u00f6wenstein, der langj\u00e4hrigen Besitzer der M\u00f6ssinger Textilfirma PAUSA, sowie die entsprechenden zeithistorischen gesellschaftlichen Zusammenh\u00e4nge. Der Verein ist t\u00e4tig im Bereich Bildung, Kunst, Kultur, Wissenschaft und Forschung, indem er folgende Ma\u00dfnahmen zur Zielerreichung umsetzt: Durchf\u00fchrung von wissenschaftlichen Studien und Fachrecherchen, Durchf\u00fchrung von \u00f6ffentlichen Informations- und Diskussionsveranstaltungen, Ma\u00dfnahmen zur St\u00e4rkung des wissenschaftlichen und k\u00fcnstlerischen Austausches, St\u00e4rkung des interkulturellen und interreligi\u00f6sen Dialoges \u2026\u201c Aus der Satzung des Vereins Forschungs- und ArchivstelleArtur und Felix L\u00f6wensteinAm Rathof 2 (Altes Rathaus)72116 M\u00f6ssingen L\u00f6wenstein-Forschungsverein e.V.c\/o Irene Scherer (Vorsitzende)Rietsweg 2, 72116 M\u00f6ssingenverein@loewenstein-forschungsverein.deSpenden f\u00fcr den Verein sind willkommen:Kreissparkasse T\u00fcbingen. IBAN DE 36 6415 0020 0001 4657 47. BIC SOLADES1TUBDer Verein ist als gemeinn\u00fctzig anerkannt. Kostenfreier LFV-Newsletter erh\u00e4ltlich:schroeter@talheimer.de<\/p>\n","protected":false},"author":3,"featured_media":0,"parent":0,"menu_order":0,"comment_status":"closed","ping_status":"closed","template":"","meta":{"footnotes":""},"class_list":["post-40","page","type-page","status-publish","hentry"],"_links":{"self":[{"href":"https:\/\/www.initiative-loewensteinverein.de\/wpc\/index.php\/wp-json\/wp\/v2\/pages\/40","targetHints":{"allow":["GET"]}}],"collection":[{"href":"https:\/\/www.initiative-loewensteinverein.de\/wpc\/index.php\/wp-json\/wp\/v2\/pages"}],"about":[{"href":"https:\/\/www.initiative-loewensteinverein.de\/wpc\/index.php\/wp-json\/wp\/v2\/types\/page"}],"author":[{"embeddable":true,"href":"https:\/\/www.initiative-loewensteinverein.de\/wpc\/index.php\/wp-json\/wp\/v2\/users\/3"}],"replies":[{"embeddable":true,"href":"https:\/\/www.initiative-loewensteinverein.de\/wpc\/index.php\/wp-json\/wp\/v2\/comments?post=40"}],"version-history":[{"count":6,"href":"https:\/\/www.initiative-loewensteinverein.de\/wpc\/index.php\/wp-json\/wp\/v2\/pages\/40\/revisions"}],"predecessor-version":[{"id":210,"href":"https:\/\/www.initiative-loewensteinverein.de\/wpc\/index.php\/wp-json\/wp\/v2\/pages\/40\/revisions\/210"}],"wp:attachment":[{"href":"https:\/\/www.initiative-loewensteinverein.de\/wpc\/index.php\/wp-json\/wp\/v2\/media?parent=40"}],"curies":[{"name":"wp","href":"https:\/\/api.w.org\/{rel}","templated":true}]}}