{"id":22,"date":"2023-04-12T11:33:42","date_gmt":"2023-04-12T09:33:42","guid":{"rendered":"http:\/\/www.initiative-loewensteinverein.de\/wpc\/?page_id=22"},"modified":"2025-05-05T17:03:52","modified_gmt":"2025-05-05T15:03:52","slug":"veroeffentlichungen","status":"publish","type":"page","link":"https:\/\/www.initiative-loewensteinverein.de\/wpc\/index.php\/veroeffentlichungen\/","title":{"rendered":"Ver\u00f6ffentlichungen"},"content":{"rendered":"\n<p><strong>Ver\u00f6ffentlichungen des Vereins<\/strong><\/p>\n\n\n\n<p><\/p>\n\n\n\n<p class=\"has-text-align-left\"><em>Irene Scherer and Welf Schr\u00f6ter: Remembering L\u00f6wenstein, Pausa, Bauhaus.<\/em> In: Gedenkst\u00e4ttenrundschau, Special Issue 2020, pp. 44-49<\/p>\n\n\n\n<p class=\"has-text-align-left\"><em>Irene Scherer, Welf Schr\u00f6ter: Besitzergreifung der Pausa in M\u00f6ssingen und das Ende verkl\u00e4render Legendenbildung.<\/em> In: Heinz H\u00f6gerle, Peter M\u00fcller, Martin Ulmer (Hg.) im Auftrag des Gedenkst\u00e4ttenverbundes G\u00e4u-Neckar-Alb e.V., des Landesarchivs Baden-W\u00fcrttemberg und der Landeszentrale f\u00fcr politische Bildung Baden-W\u00fcrttemberg: Ausgrenzung \u2013 Raub \u2013 Vernichtung. NS-Akteure und \u201eVolksgemeinschaft\u201c gegen die Juden in W\u00fcrttemberg und Hohenzollern 1933 bis 1945, Stuttgart 2019, S. 541-550<\/p>\n\n\n\n<p class=\"has-text-align-left\"><em>L\u00f6wenstein-Forschungsverein e.V., M\u00f6ssingen: Konzeption f\u00fcr den Aufbau einer<br>Forschungs- und Archivstelle Artur und Felix L\u00f6wenstein<br>L\u00f6wenstein Research Association e.V., M\u00f6ssingen: Concept for the Development of a Research and Archive Center Artur and Felix L\u00f6wenstein<br>Association et centre de recherche L\u00f6wenstein. M\u00f6ssingen: Concept pour le Centre de documentation et de recherche Artur et Felix L\u00f6wenstein<\/em><br>M\u00f6ssingen 2019, 58 Seiten, deutsch\/englisch\/franz\u00f6sisch, kostenfrei (erh\u00e4ltlich \u00fcber den L\u00f6wenstein-Forschungsverein e.V.)<br><\/p>\n\n\n\n<p class=\"has-text-align-left\"><em>Irene Scherer, Klaus Ferstl, Welf Schr\u00f6ter (Hg.) f\u00fcr den L\u00f6wenstein-Forschungsverein e.V.: F\u00fcr Artur und Felix L\u00f6wenstein. Ein Leseheft anl\u00e4sslich des 80. Jahrestages der Zwangsenteignung der Pausa und der Vertreibung der Br\u00fcder L\u00f6wenstein aus M\u00f6ssingen 1936<\/em><br>M\u00f6ssingen 2016, 42 Seiten<\/p>\n\n\n\n<p class=\"has-text-align-left\"><em>Irene Scherer, Welf Schr\u00f6ter, Klaus Ferstl (Hg.): Artur und Felix L\u00f6wenstein. W\u00fcrdigung der Gr\u00fcnder der Textilfirma Pausa und geschichtliche Zusammenh\u00e4nge<\/em><br>Mit Beitr\u00e4gen von Doris Angel, Harold Livingston, Ronnie Jacob, Roger L. Lustig, Sandra H. Lustig, Jan Robert Bloch, Reinhold Gall, Joachim Walter, Michael Bulander, Christoph G\u00f6gler, Sibylle Thelen, Oliver Schmid, Otto Belser, Joel Berger, Claudia Nowak-Walz, Rosemarie Vogt, Hans-Ernst B\u00f6ttcher, Richard Scherer, Beate Schmeichel-Falkenberg, Hermann Berner, Klaus Ferstl, Irene Scherer und Welf Schr\u00f6ter<br>M\u00f6ssingen-Talheim 2013, 396 Seiten, ISBN 978-3-89376-150-0<br><\/p>\n\n\n\n<p><strong>Weitere Ver\u00f6ffentlichungen<\/strong><\/p>\n\n\n\n<p><\/p>\n\n\n\n<p class=\"has-text-align-left\"><em>Heinz H\u00f6gerle, Peter M\u00fcller, Martin Ulmer (Hg.) im Auftrag des Gedenkst\u00e4ttenverbundes G\u00e4u-Neckar-Alb e.V., des Landesarchivs Baden-W\u00fcrttemberg und der Landeszentrale f\u00fcr politische Bildung Baden-W\u00fcrttemberg: Ausgrenzung \u2013 Raub \u2013 Vernichtung. NS-Akteure und \u201eVolksgemeinschaft\u201c gegen die Juden in W\u00fcrttemberg und Hohenzollern 1933 bis 1945<\/em>, Stuttgart 2019, ISBN 978-3-945414-69-9<\/p>\n\n\n\n<p class=\"has-text-align-left\"><em>Irene Scherer, Welf Schr\u00f6ter (Hg.): Erinnerungskultur st\u00e4rkt Demokratie \u2013 Zur Verteidigung der Menschenw\u00fcrde. Gewidmet Doris Angel (Doris L\u00f6wenstein) und Harold Livingston (Helmut L\u00f6wenstein)<\/em><br>Mit Beitr\u00e4gen von Muhterem Aras, Aleida Assmann, Jan Assmann, Serge Klarsfeld, Heinrich Bleicher-Nagelsmann, Hans-Ernst B\u00f6ttcher, Arno M\u00fcnster, Annette Stock, Irene Scherer, Welf Schr\u00f6ter<br>M\u00f6ssingen-Talheim 2019, 144 Seiten, ISBN 978-3-89376-183-8<\/p>\n\n\n\n<p class=\"has-text-align-left\"><em>Bernd J\u00fcrgen Warneken, Hermann Berner (Hg.): Da ist nirgends nichts gewesen au\u00dfer hier. Das \u201erote M\u00f6ssingen\u201c im Generalstreik gegen Hitler \u2013 Geschichte eines schw\u00e4bischen Arbeiterdorfes \u2013 Jakob Textor zu Ehren<\/em><br>Mit Beitr\u00e4gen von Hans-Joachim Althaus, Friedrich Bross, Gertrud D\u00f6ffinger, Hubert Flaig, Karlheinz Geppert, Wolfgang Kaschuba, Carola Lipp, Karl-Heinz Rue\u00df, Martin Scharfe, Bernd J\u00fcrgen Warneken und Hermann Berner<br>M\u00f6ssingen-Talheim 2012, 360 Seiten, ISBN 978-3-89376-140-1<\/p>\n\n\n\n<p class=\"has-text-align-left\"><em>Karl-Hermann Blickle und Heinz H\u00f6gerle im Auftrag des Gedenkst\u00e4ttenverbundes G\u00e4u-Neckar-Alb (Hg.):<br>Juden in der Textilindustrie<\/em><br>Band zur gleichnamigen Tagung des Gedenkst\u00e4ttenverbundes G\u00e4u-Neckar-Alb am 10. Oktober 2010 in Hechingen. Mit Beitr\u00e4gen von Karl-Hermann Blickle, Joel Berger, Uri Robert Kaufmann, Doris Astrid Muth, Irene Scherer, Welf Schr\u00f6ter, Winfried Hecht, Heinz H\u00f6gerle, Werner Kessl und Guntram Vater<br>Horb 2013, 162 Seiten, ISBN 978-3-928213-19-6<\/p>\n\n\n\n<p class=\"has-text-align-left\"><em>Jan Robert Bloch: Ein Advent in M\u00f6ssingen. Pausa \u2013 Bauhaus \u2013 L\u00f6wensteins<\/em>. In: Bloch-Jahrbuch 2009. Tagtr\u00e4ume gegen Mauern. M\u00f6ssingen 2009. ISBN 978-3-89376-130-2.<\/p>\n\n\n\n<p class=\"has-text-align-left\"><em>Irene Scherer: Impulse des L\u00f6wenstein-Forschungsvereins<\/em>. In: Bloch-Jahrbuch 2008. Ernst Bloch und das Bauhaus gestern und heute. M\u00f6ssingen 2008. ISBN 978-3-89376-128-9.<\/p>\n\n\n\n<p class=\"has-text-align-left\"><em>Hermann Berner, Richard Scherer: Einige \u00dcberlegungen zur \u00c4sthetik der Pausa und ihrem Verh\u00e4ltnis zum Bauhaus<\/em>. In: Bloch-Jahrbuch 2008. Ernst Bloch und das Bauhaus gestern und heute. M\u00f6ssingen 2008. ISBN 978-3-89376-128-9.<\/p>\n\n\n\n<p class=\"has-text-align-left\"><em>Welf Schr\u00f6ter: Karola Bloch und das Bauhaus<\/em>. In: Francesca Vidal (Hg.): Bloch-Jahrbuch 2008. Ernst Bloch und das Bauhaus gestern und heute. M\u00f6ssingen 2008. ISBN 978-3-89376-128-9.<\/p>\n\n\n\n<p class=\"has-text-align-left\"><em>Hermann Berner, Werner Fifka (Hg.): Das Bauhaus kam nach M\u00f6ssingen. Geschichte, Architektur und Design der einstigen Textilfirma Pausa<\/em>. Bild- und Textband.<br>M\u00f6ssingen 2006, 216 Seiten, ISBN 978-3-89376-118-0 [ISBN 3-89376-118-7]<\/p>\n\n\n\n<p class=\"has-text-align-left\"><em>Richard Scherer: Felix und Artur L\u00f6wenstein und die Pausa in M\u00f6ssingen<\/em>. In: Hermann Berner, Werner Fifka (Hg.): Das Bauhaus kam nach M\u00f6ssingen. Geschichte, Architektur und Design der einstigen Textilfirma Pausa. Bild- und Textband. M\u00f6ssingen 2006. ISBN 978-3-89376-118-0 [ISBN 3-89376-118-7]<\/p>\n\n\n\n<p class=\"has-text-align-left\"><em>Hermann Berner: Die Geschichte der Pausa<\/em>. In: Hermann Berner, Werner Fifka (Hg.): Das Bauhaus kam nach M\u00f6ssingen. Geschichte, Architektur und Design der einstigen Textilfirma Pausa. Bild- und Textband. M\u00f6ssingen 2006. ISBN 978-3-89376-118-0 [ISBN 3-89376-118-7]<\/p>\n","protected":false},"excerpt":{"rendered":"<p>Ver\u00f6ffentlichungen des Vereins Irene Scherer and Welf Schr\u00f6ter: Remembering L\u00f6wenstein, Pausa, Bauhaus. In: Gedenkst\u00e4ttenrundschau, Special Issue 2020, pp. 44-49 Irene Scherer, Welf Schr\u00f6ter: Besitzergreifung der Pausa in M\u00f6ssingen und das Ende verkl\u00e4render Legendenbildung. In: Heinz H\u00f6gerle, Peter M\u00fcller, Martin Ulmer (Hg.) im Auftrag des Gedenkst\u00e4ttenverbundes G\u00e4u-Neckar-Alb e.V., des Landesarchivs Baden-W\u00fcrttemberg und der Landeszentrale f\u00fcr politische Bildung Baden-W\u00fcrttemberg: Ausgrenzung \u2013 Raub \u2013 Vernichtung. NS-Akteure und \u201eVolksgemeinschaft\u201c gegen die Juden in W\u00fcrttemberg und Hohenzollern 1933 bis 1945, Stuttgart 2019, S. 541-550 L\u00f6wenstein-Forschungsverein e.V., M\u00f6ssingen: Konzeption f\u00fcr den Aufbau einerForschungs- und Archivstelle Artur und Felix L\u00f6wensteinL\u00f6wenstein Research Association e.V., M\u00f6ssingen: Concept for the Development of a Research and Archive Center Artur and Felix L\u00f6wensteinAssociation et centre de recherche L\u00f6wenstein. M\u00f6ssingen: Concept pour le Centre de documentation et de recherche Artur et Felix L\u00f6wensteinM\u00f6ssingen 2019, 58 Seiten, deutsch\/englisch\/franz\u00f6sisch, kostenfrei (erh\u00e4ltlich \u00fcber den L\u00f6wenstein-Forschungsverein e.V.) Irene Scherer, Klaus Ferstl, Welf Schr\u00f6ter (Hg.) f\u00fcr den L\u00f6wenstein-Forschungsverein e.V.: F\u00fcr Artur und Felix L\u00f6wenstein. Ein Leseheft anl\u00e4sslich des 80. Jahrestages der Zwangsenteignung der Pausa und der Vertreibung der Br\u00fcder L\u00f6wenstein aus M\u00f6ssingen 1936M\u00f6ssingen 2016, 42 Seiten Irene Scherer, Welf Schr\u00f6ter, Klaus Ferstl (Hg.): Artur und Felix L\u00f6wenstein. W\u00fcrdigung der Gr\u00fcnder der Textilfirma Pausa und geschichtliche Zusammenh\u00e4ngeMit Beitr\u00e4gen von Doris Angel, Harold Livingston, Ronnie Jacob, Roger L. Lustig, Sandra H. Lustig, Jan Robert Bloch, Reinhold Gall, Joachim Walter, Michael Bulander, Christoph G\u00f6gler, Sibylle Thelen, Oliver Schmid, Otto Belser, Joel Berger, Claudia Nowak-Walz, Rosemarie Vogt, Hans-Ernst B\u00f6ttcher, Richard Scherer, Beate Schmeichel-Falkenberg, Hermann Berner, Klaus Ferstl, Irene Scherer und Welf Schr\u00f6terM\u00f6ssingen-Talheim 2013, 396 Seiten, ISBN 978-3-89376-150-0 Weitere Ver\u00f6ffentlichungen Heinz H\u00f6gerle, Peter M\u00fcller, Martin Ulmer (Hg.) im Auftrag des Gedenkst\u00e4ttenverbundes G\u00e4u-Neckar-Alb e.V., des Landesarchivs Baden-W\u00fcrttemberg und der Landeszentrale f\u00fcr politische Bildung Baden-W\u00fcrttemberg: Ausgrenzung \u2013 Raub \u2013 Vernichtung. NS-Akteure und \u201eVolksgemeinschaft\u201c gegen die Juden in W\u00fcrttemberg und Hohenzollern 1933 bis 1945, Stuttgart 2019, ISBN 978-3-945414-69-9 Irene Scherer, Welf Schr\u00f6ter (Hg.): Erinnerungskultur st\u00e4rkt Demokratie \u2013 Zur Verteidigung der Menschenw\u00fcrde. Gewidmet Doris Angel (Doris L\u00f6wenstein) und Harold Livingston (Helmut L\u00f6wenstein)Mit Beitr\u00e4gen von Muhterem Aras, Aleida Assmann, Jan Assmann, Serge Klarsfeld, Heinrich Bleicher-Nagelsmann, Hans-Ernst B\u00f6ttcher, Arno M\u00fcnster, Annette Stock, Irene Scherer, Welf Schr\u00f6terM\u00f6ssingen-Talheim 2019, 144 Seiten, ISBN 978-3-89376-183-8 Bernd J\u00fcrgen Warneken, Hermann Berner (Hg.): Da ist nirgends nichts gewesen au\u00dfer hier. Das \u201erote M\u00f6ssingen\u201c im Generalstreik gegen Hitler \u2013 Geschichte eines schw\u00e4bischen Arbeiterdorfes \u2013 Jakob Textor zu EhrenMit Beitr\u00e4gen von Hans-Joachim Althaus, Friedrich Bross, Gertrud D\u00f6ffinger, Hubert Flaig, Karlheinz Geppert, Wolfgang Kaschuba, Carola Lipp, Karl-Heinz Rue\u00df, Martin Scharfe, Bernd J\u00fcrgen Warneken und Hermann BernerM\u00f6ssingen-Talheim 2012, 360 Seiten, ISBN 978-3-89376-140-1 Karl-Hermann Blickle und Heinz H\u00f6gerle im Auftrag des Gedenkst\u00e4ttenverbundes G\u00e4u-Neckar-Alb (Hg.):Juden in der TextilindustrieBand zur gleichnamigen Tagung des Gedenkst\u00e4ttenverbundes G\u00e4u-Neckar-Alb am 10. Oktober 2010 in Hechingen. Mit Beitr\u00e4gen von Karl-Hermann Blickle, Joel Berger, Uri Robert Kaufmann, Doris Astrid Muth, Irene Scherer, Welf Schr\u00f6ter, Winfried Hecht, Heinz H\u00f6gerle, Werner Kessl und Guntram VaterHorb 2013, 162 Seiten, ISBN 978-3-928213-19-6 Jan Robert Bloch: Ein Advent in M\u00f6ssingen. Pausa \u2013 Bauhaus \u2013 L\u00f6wensteins. In: Bloch-Jahrbuch 2009. Tagtr\u00e4ume gegen Mauern. M\u00f6ssingen 2009. ISBN 978-3-89376-130-2. Irene Scherer: Impulse des L\u00f6wenstein-Forschungsvereins. In: Bloch-Jahrbuch 2008. Ernst Bloch und das Bauhaus gestern und heute. M\u00f6ssingen 2008. ISBN 978-3-89376-128-9. Hermann Berner, Richard Scherer: Einige \u00dcberlegungen zur \u00c4sthetik der Pausa und ihrem Verh\u00e4ltnis zum Bauhaus. In: Bloch-Jahrbuch 2008. Ernst Bloch und das Bauhaus gestern und heute. M\u00f6ssingen 2008. ISBN 978-3-89376-128-9. Welf Schr\u00f6ter: Karola Bloch und das Bauhaus. In: Francesca Vidal (Hg.): Bloch-Jahrbuch 2008. Ernst Bloch und das Bauhaus gestern und heute. M\u00f6ssingen 2008. ISBN 978-3-89376-128-9. Hermann Berner, Werner Fifka (Hg.): Das Bauhaus kam nach M\u00f6ssingen. Geschichte, Architektur und Design der einstigen Textilfirma Pausa. Bild- und Textband.M\u00f6ssingen 2006, 216 Seiten, ISBN 978-3-89376-118-0 [ISBN 3-89376-118-7] Richard Scherer: Felix und Artur L\u00f6wenstein und die Pausa in M\u00f6ssingen. In: Hermann Berner, Werner Fifka (Hg.): Das Bauhaus kam nach M\u00f6ssingen. Geschichte, Architektur und Design der einstigen Textilfirma Pausa. Bild- und Textband. M\u00f6ssingen 2006. ISBN 978-3-89376-118-0 [ISBN 3-89376-118-7] Hermann Berner: Die Geschichte der Pausa. In: Hermann Berner, Werner Fifka (Hg.): Das Bauhaus kam nach M\u00f6ssingen. Geschichte, Architektur und Design der einstigen Textilfirma Pausa. Bild- und Textband. M\u00f6ssingen 2006. ISBN 978-3-89376-118-0 [ISBN 3-89376-118-7]<\/p>\n","protected":false},"author":1,"featured_media":0,"parent":0,"menu_order":0,"comment_status":"closed","ping_status":"closed","template":"","meta":{"footnotes":""},"class_list":["post-22","page","type-page","status-publish","hentry"],"_links":{"self":[{"href":"https:\/\/www.initiative-loewensteinverein.de\/wpc\/index.php\/wp-json\/wp\/v2\/pages\/22","targetHints":{"allow":["GET"]}}],"collection":[{"href":"https:\/\/www.initiative-loewensteinverein.de\/wpc\/index.php\/wp-json\/wp\/v2\/pages"}],"about":[{"href":"https:\/\/www.initiative-loewensteinverein.de\/wpc\/index.php\/wp-json\/wp\/v2\/types\/page"}],"author":[{"embeddable":true,"href":"https:\/\/www.initiative-loewensteinverein.de\/wpc\/index.php\/wp-json\/wp\/v2\/users\/1"}],"replies":[{"embeddable":true,"href":"https:\/\/www.initiative-loewensteinverein.de\/wpc\/index.php\/wp-json\/wp\/v2\/comments?post=22"}],"version-history":[{"count":5,"href":"https:\/\/www.initiative-loewensteinverein.de\/wpc\/index.php\/wp-json\/wp\/v2\/pages\/22\/revisions"}],"predecessor-version":[{"id":409,"href":"https:\/\/www.initiative-loewensteinverein.de\/wpc\/index.php\/wp-json\/wp\/v2\/pages\/22\/revisions\/409"}],"wp:attachment":[{"href":"https:\/\/www.initiative-loewensteinverein.de\/wpc\/index.php\/wp-json\/wp\/v2\/media?parent=22"}],"curies":[{"name":"wp","href":"https:\/\/api.w.org\/{rel}","templated":true}]}}